{"id":159,"date":"2019-09-30T13:39:59","date_gmt":"2019-09-30T11:39:59","guid":{"rendered":"https:\/\/nachsuchengruppe-waldeck-frankenberg.de\/?page_id=159"},"modified":"2025-03-10T06:56:02","modified_gmt":"2025-03-10T05:56:02","slug":"zum-thema-nachsuche","status":"publish","type":"page","link":"https:\/\/nachsuchengruppe-waldeck-frankenberg.de\/?page_id=159","title":{"rendered":"zum Thema Nachsuche"},"content":{"rendered":"\n<p><strong>Das Verhalten vor dem Schuss<\/strong><\/p>\n\n\n\n<p>Um\nNachsuchen zu Verhindern oder die Erfolgsaussichten einer sp\u00e4teren Nachsuche zu\nverbessern gilt es bereits vor dem Schuss, einige Punkte zu beachten:<\/p>\n\n\n\n<ul class=\"wp-block-list\"><li>Standort\ndes Wildes und den eigenen Standort vor dem Schuss merken (markante\nGel\u00e4ndepunkte in Schussverl\u00e4ngerung einpr\u00e4gen)<\/li><li>Sind\nm\u00f6gliche Hindernisse in der Schu\u00dfbahn ?<\/li><li>Wie\nist meine Schu\u00dfentferung (nicht zu nah und nicht zu weit) ?<\/li><li>Nicht\nin die Rotte\/Sprung\/Rudel schie\u00dfen (Gefahr von Paketsch\u00fcssen !)<\/li><li>Sind\nbereits vor dem Schuss Auff\u00e4lligkeiten an dem St\u00fcck erkennbar ?<\/li><li>Wohin\nschie\u00dfe ich ? Immer auf die Kammer, also den Brustkorb\/Thorax. \u201eK\u00fcchensch\u00fcsse\u201c\nauf den Tr\u00e4ger oder hinter den Teller sind str\u00e4flicher Leichtsinn.<\/li><\/ul>\n\n\n\n<p><strong>Das Verhalten nach dem Schuss<\/strong><\/p>\n\n\n\n<ul class=\"wp-block-list\"><li>Grunds\u00e4tzlich\nsofort nachladen und wieder in Anschlag gehen.<\/li><\/ul>\n\n\n\n<p>Wenn das\nSt\u00fcck nicht liegt gilt:<\/p>\n\n\n\n<ul class=\"wp-block-list\"><li>Zeichnen\nbzw. Fluchtrichtung merken und auf m\u00f6gliche Ger\u00e4usche achten<\/li><li>Ruhe\nbewahren<\/li><li>Anschuss\nvorsichtig aufsuchen und markieren, Pirschzeichen sichern<\/li><li>\u201evertrampeln\u201c\ndes Anschusses und Nachgehen unbedingt vermeiden<\/li><li>\u00dcberlassen\nSie den zweiten Blick dem Nachsuchenf\u00fchrer !<\/li><\/ul>\n\n\n\n<p>Informationen:<\/p>\n\n\n\n<ul class=\"wp-block-list\"><li>Was\nwurde wann beschossen ?<\/li><li>Was\nwurde am Anschuss gefunden ?<\/li><li>Treffpunkt<\/li><\/ul>\n\n\n\n<p><strong>Begleiten der Nachsuche<\/strong><\/p>\n\n\n\n<ul class=\"wp-block-list\"><li>Den\nAnweisungen des Nachsuchenf\u00fchrers ist zwingend Folge zu leisten.<\/li><li>Revierkundige\nBegleiter tragen Schutzausr\u00fcstung (Handschuhe, Gesichtsschutz, Warnkleidung).<\/li><li>Nach\nM\u00f6glichkeit sollte ein Begleitfahrzeug zur Verf\u00fcgung stehen. <\/li><\/ul>\n\n\n\n<p><strong>Nachsuchenorganisation bei\nBewegungsjagden<\/strong><\/p>\n\n\n\n<ul class=\"wp-block-list\"><li>Rechtzeitige\nEinladung bzw. Information an Nachsuchengespanne.<\/li><li>Ausreichende\nAnzahl Gespanne (1 Hundef\u00fchrer f\u00fcr ca. 25 Sch\u00fctzen)<\/li><li>Nachsuchenkoordinator\neinsetzen<\/li><li>Anschussprotokoll\nverwenden (siehe Link)<\/li><li>Ortskundige\nBegleiter vorhalten<\/li><li>Begrenzung\nauf zwei unklare Ansch\u00fcsse pro Sch\u00fctzenstand !<\/li><\/ul>\n\n\n\n<p><\/p>\n","protected":false},"excerpt":{"rendered":"<p>Das Verhalten vor dem Schuss Um Nachsuchen zu Verhindern oder die Erfolgsaussichten einer sp\u00e4teren Nachsuche zu verbessern gilt es bereits vor dem Schuss, einige Punkte zu beachten: Standort des Wildes und den eigenen Standort vor dem Schuss merken (markante Gel\u00e4ndepunkte in Schussverl\u00e4ngerung einpr\u00e4gen) Sind m\u00f6gliche Hindernisse in der Schu\u00dfbahn ? Wie ist meine Schu\u00dfentferung (nicht &hellip; <\/p>\n<p class=\"link-more\"><a href=\"https:\/\/nachsuchengruppe-waldeck-frankenberg.de\/?page_id=159\" class=\"more-link\"><span class=\"screen-reader-text\">\u201ezum Thema Nachsuche\u201c <\/span>weiterlesen<\/a><\/p>\n","protected":false},"author":2,"featured_media":0,"parent":0,"menu_order":0,"comment_status":"closed","ping_status":"closed","template":"","meta":{"footnotes":""},"class_list":["post-159","page","type-page","status-publish","hentry"],"_links":{"self":[{"href":"https:\/\/nachsuchengruppe-waldeck-frankenberg.de\/index.php?rest_route=\/wp\/v2\/pages\/159","targetHints":{"allow":["GET"]}}],"collection":[{"href":"https:\/\/nachsuchengruppe-waldeck-frankenberg.de\/index.php?rest_route=\/wp\/v2\/pages"}],"about":[{"href":"https:\/\/nachsuchengruppe-waldeck-frankenberg.de\/index.php?rest_route=\/wp\/v2\/types\/page"}],"author":[{"embeddable":true,"href":"https:\/\/nachsuchengruppe-waldeck-frankenberg.de\/index.php?rest_route=\/wp\/v2\/users\/2"}],"replies":[{"embeddable":true,"href":"https:\/\/nachsuchengruppe-waldeck-frankenberg.de\/index.php?rest_route=%2Fwp%2Fv2%2Fcomments&post=159"}],"version-history":[{"count":2,"href":"https:\/\/nachsuchengruppe-waldeck-frankenberg.de\/index.php?rest_route=\/wp\/v2\/pages\/159\/revisions"}],"predecessor-version":[{"id":239,"href":"https:\/\/nachsuchengruppe-waldeck-frankenberg.de\/index.php?rest_route=\/wp\/v2\/pages\/159\/revisions\/239"}],"wp:attachment":[{"href":"https:\/\/nachsuchengruppe-waldeck-frankenberg.de\/index.php?rest_route=%2Fwp%2Fv2%2Fmedia&parent=159"}],"curies":[{"name":"wp","href":"https:\/\/api.w.org\/{rel}","templated":true}]}}