{"id":162,"date":"2019-09-30T13:41:14","date_gmt":"2019-09-30T11:41:14","guid":{"rendered":"https:\/\/nachsuchengruppe-waldeck-frankenberg.de\/?page_id=162"},"modified":"2021-10-01T09:41:45","modified_gmt":"2021-10-01T07:41:45","slug":"so-koennen-sie-uns-unterstuetzen","status":"publish","type":"page","link":"https:\/\/nachsuchengruppe-waldeck-frankenberg.de\/?page_id=162","title":{"rendered":"So k\u00f6nnen Sie uns unterst\u00fctzen"},"content":{"rendered":"\n<p><strong>a)<\/strong> <strong>werden Sie f\u00f6rderndes Mitglied<\/strong><br>f\u00fcr nur 25 \u20ac im Jahr k\u00f6nnen Sie uns unterst\u00fctzen <br><\/p>\n\n\n\n<div data-wp-interactive=\"core\/file\" class=\"wp-block-file\"><object data-wp-bind--hidden=\"!state.hasPdfPreview\" hidden class=\"wp-block-file__embed\" data=\"https:\/\/nachsuchengruppe-waldeck-frankenberg.de\/wp-content\/uploads\/2021\/10\/Aufnahmeantrag-foerderndes-Mitglied-Formular-Audruck.pdf\" type=\"application\/pdf\" style=\"width:100%;height:600px\" aria-label=\"Einbettung von Einbettung von Aufnahmeantrag f\u00f6rderndes Mitglied Formular Audruck..\"><\/object><a href=\"https:\/\/nachsuchengruppe-waldeck-frankenberg.de\/wp-content\/uploads\/2021\/10\/Aufnahmeantrag-foerderndes-Mitglied-Formular-Audruck.pdf\" target=\"_blank\" rel=\"noreferrer noopener\">Aufnahmeantrag f\u00f6rderndes Mitglied Formular Audruck<\/a><a href=\"https:\/\/nachsuchengruppe-waldeck-frankenberg.de\/wp-content\/uploads\/2021\/10\/Aufnahmeantrag-foerderndes-Mitglied-Formular-Audruck.pdf\" class=\"wp-block-file__button\" download>Herunterladen<\/a><\/div>\n\n\n\n<p><\/p>\n\n\n\n<p><\/p>\n\n\n\n<p><strong>b) spenden Sie f\u00fcr die gute Sache<\/strong><\/p>\n\n\n\n<h2 class=\"wp-block-heading\">Unsere f\u00f6rdernden Partner<\/h2>\n\n\n\n<div class=\"wp-block-media-text alignwide is-stacked-on-mobile\"><figure class=\"wp-block-media-text__media\"><img loading=\"lazy\" decoding=\"async\" width=\"177\" height=\"61\" src=\"https:\/\/nachsuchengruppe-waldeck-frankenberg.de\/wp-content\/uploads\/2020\/02\/finger.jpg\" alt=\"\" class=\"wp-image-257 size-full\"\/><\/figure><div class=\"wp-block-media-text__content\">\n<p class=\"has-normal-font-size\"><a rel=\"noreferrer noopener\" aria-label=\"Die Firma Eisen-Finger unterst\u00fctzt die nach ...  fdjfgjds fgjdfgdg (\u00f6ffnet in neuem Tab)\" href=\"http:\/\/eisen-finger.de\" target=\"_blank\">Die Firma Eisen-Finger unterst\u00fctzt die aktiven Mitglieder mit Ausr\u00fcstung<\/a><\/p>\n\n\n\n<p class=\"has-normal-font-size\"><a href=\"https:\/\/www.eisen-finger.de\" target=\"_blank\" rel=\"noreferrer noopener\" aria-label=\"https:\/\/www.eisen-finger.de (\u00f6ffnet in neuem Tab)\">https:\/\/www.eisen-finger.de<\/a><\/p>\n<\/div><\/div>\n\n\n\n<p><\/p>\n","protected":false},"excerpt":{"rendered":"<p>a) werden Sie f\u00f6rderndes Mitgliedf\u00fcr nur 25 \u20ac im Jahr k\u00f6nnen Sie uns unterst\u00fctzen b) spenden Sie f\u00fcr die gute Sache Unsere f\u00f6rdernden Partner Die Firma Eisen-Finger unterst\u00fctzt die aktiven Mitglieder mit Ausr\u00fcstung https:\/\/www.eisen-finger.de<\/p>\n","protected":false},"author":1,"featured_media":0,"parent":0,"menu_order":0,"comment_status":"closed","ping_status":"closed","template":"","meta":{"footnotes":""},"class_list":["post-162","page","type-page","status-publish","hentry"],"_links":{"self":[{"href":"https:\/\/nachsuchengruppe-waldeck-frankenberg.de\/index.php?rest_route=\/wp\/v2\/pages\/162","targetHints":{"allow":["GET"]}}],"collection":[{"href":"https:\/\/nachsuchengruppe-waldeck-frankenberg.de\/index.php?rest_route=\/wp\/v2\/pages"}],"about":[{"href":"https:\/\/nachsuchengruppe-waldeck-frankenberg.de\/index.php?rest_route=\/wp\/v2\/types\/page"}],"author":[{"embeddable":true,"href":"https:\/\/nachsuchengruppe-waldeck-frankenberg.de\/index.php?rest_route=\/wp\/v2\/users\/1"}],"replies":[{"embeddable":true,"href":"https:\/\/nachsuchengruppe-waldeck-frankenberg.de\/index.php?rest_route=%2Fwp%2Fv2%2Fcomments&post=162"}],"version-history":[{"count":9,"href":"https:\/\/nachsuchengruppe-waldeck-frankenberg.de\/index.php?rest_route=\/wp\/v2\/pages\/162\/revisions"}],"predecessor-version":[{"id":323,"href":"https:\/\/nachsuchengruppe-waldeck-frankenberg.de\/index.php?rest_route=\/wp\/v2\/pages\/162\/revisions\/323"}],"wp:attachment":[{"href":"https:\/\/nachsuchengruppe-waldeck-frankenberg.de\/index.php?rest_route=%2Fwp%2Fv2%2Fmedia&parent=162"}],"curies":[{"name":"wp","href":"https:\/\/api.w.org\/{rel}","templated":true}]}}