{"id":33,"date":"2019-08-18T13:25:59","date_gmt":"2019-08-18T11:25:59","guid":{"rendered":"http:\/\/nachsuchengruppe-waldeck-frankenberg.de\/?page_id=33"},"modified":"2021-10-01T09:36:29","modified_gmt":"2021-10-01T07:36:29","slug":"ueber-uns","status":"publish","type":"page","link":"https:\/\/nachsuchengruppe-waldeck-frankenberg.de\/","title":{"rendered":"\u00dcber uns &#8211; Nachsuchengruppe Waldeck-Frankenberg"},"content":{"rendered":"\n<p>Die\nNachsuchengruppe Waldeck-Frankenberg wurde im Zeitraum 2010 bis 2011 gegr\u00fcndet.\nDa es zu dieser Zeit noch nicht die Regelung des \u00a7 27 Abs. 7 des Hessischen\nJagdgesetztes gab, bewiesen die Untere Jagdbeh\u00f6rde sowie die Vorsitzenden der\nHegegemeinschaften in Waldeck-Frankenberg gro\u00dfe Weitsicht, indem s\u00e4mtliche\nNachsuchenf\u00fchrer der Nachsuchegruppe Waldeck-Frankenberg in allen\nHegegemeinschaften anerkannt wurden. Also war bereits 2012 die\nrevier\u00fcbergreifende Nachsuche in Waldeck-Frankenberg m\u00f6glich und somit\nhessenweit ein Novum.<\/p>\n\n\n\n<p>Nach\nEinf\u00fchrung des \u00a7 27 Abs. 7 Hessisches Jagdgesetz wurde der Verwaltungsaufwand\nin der Hinsicht geringer, dass die Bestellung der Hundef\u00fchrer durch die\nHegegemeinschaften und die Untere Jagdbeh\u00f6rde entfallen konnte. Die Anerkennung\nder Gespanne f\u00fcr die hessenweite Nachsuche erfolgt nunmehr durch den RP in\nKassel<\/p>\n\n\n\n<figure class=\"wp-block-image size-full\"><img loading=\"lazy\" decoding=\"async\" width=\"695\" height=\"513\" src=\"https:\/\/nachsuchengruppe-waldeck-frankenberg.de\/wp-content\/uploads\/2021\/10\/Gespanne-RVV.png\" alt=\"\" class=\"wp-image-319\" srcset=\"https:\/\/nachsuchengruppe-waldeck-frankenberg.de\/wp-content\/uploads\/2021\/10\/Gespanne-RVV.png 695w, https:\/\/nachsuchengruppe-waldeck-frankenberg.de\/wp-content\/uploads\/2021\/10\/Gespanne-RVV-300x221.png 300w\" sizes=\"auto, (max-width: 695px) 100vw, 695px\" \/><\/figure>\n\n\n\n<p><strong>Anforderungen an das\nNachsuchengespann<\/strong><\/p>\n\n\n\n<p>An die Hundef\u00fchrer und deren vierbeinige Jagdhelfer werden besondere Anforderungen gestellt, die nur von Gespannen, die ausschlie\u00dflich Nachsuchen (also keine St\u00f6berarbeit) betreiben, zu erf\u00fcllen sind. Die Hunde m\u00fcssen einer vom JGHV anerkennten Jagdhunderasse angeh\u00f6ren und vom RP zur jagdbezirks- und hegegemeinschafts\u00fcbergreifenden Nachsuche zugelassen sein. Die Hunde m\u00fcssen ferner k\u00f6rperlich in der Lage sein, eine vielversprechende Hetze durchf\u00fchren zu k\u00f6nnen. Der Hundef\u00fchrer muss die physische F\u00e4higkeit mitbringen, seinem Hund am Riemen und insbesondere bei einer Hetze zeitnah folgen und helfen zu k\u00f6nnen.<\/p>\n\n\n\n<figure class=\"wp-block-image\"><img loading=\"lazy\" decoding=\"async\" width=\"1024\" height=\"683\" src=\"https:\/\/nachsuchengruppe-waldeck-frankenberg.de\/wp-content\/uploads\/2019\/10\/NSGWF-1024x683.jpg\" alt=\"\" class=\"wp-image-209\" srcset=\"https:\/\/nachsuchengruppe-waldeck-frankenberg.de\/wp-content\/uploads\/2019\/10\/NSGWF-1024x683.jpg 1024w, https:\/\/nachsuchengruppe-waldeck-frankenberg.de\/wp-content\/uploads\/2019\/10\/NSGWF-300x200.jpg 300w, https:\/\/nachsuchengruppe-waldeck-frankenberg.de\/wp-content\/uploads\/2019\/10\/NSGWF-768x512.jpg 768w, https:\/\/nachsuchengruppe-waldeck-frankenberg.de\/wp-content\/uploads\/2019\/10\/NSGWF.jpg 1200w\" sizes=\"auto, (max-width: 706px) 89vw, (max-width: 767px) 82vw, 740px\" \/><\/figure>\n\n\n\n<p class=\"has-text-align-center\"><em>Wenn durch menschliches Verschulden ein Gesch\u00f6pf geriet in Not und ein qualvoll Leiden, Dulden, einem wunden Wilde droht, wenn des Geistes hohe Stufe und es menschen Kunst nicht reicht, folgt der Hund dem bangen Rufe, seine Nase schafft es leicht.<\/em><\/p>\n","protected":false},"excerpt":{"rendered":"<p>Die Nachsuchengruppe Waldeck-Frankenberg wurde im Zeitraum 2010 bis 2011 gegr\u00fcndet. Da es zu dieser Zeit noch nicht die Regelung des \u00a7 27 Abs. 7 des Hessischen Jagdgesetztes gab, bewiesen die Untere Jagdbeh\u00f6rde sowie die Vorsitzenden der Hegegemeinschaften in Waldeck-Frankenberg gro\u00dfe Weitsicht, indem s\u00e4mtliche Nachsuchenf\u00fchrer der Nachsuchegruppe Waldeck-Frankenberg in allen Hegegemeinschaften anerkannt wurden. Also war bereits &hellip; <\/p>\n<p class=\"link-more\"><a href=\"https:\/\/nachsuchengruppe-waldeck-frankenberg.de\/\" class=\"more-link\"><span class=\"screen-reader-text\">\u201e\u00dcber uns &#8211; Nachsuchengruppe Waldeck-Frankenberg\u201c <\/span>weiterlesen<\/a><\/p>\n","protected":false},"author":1,"featured_media":0,"parent":0,"menu_order":0,"comment_status":"closed","ping_status":"closed","template":"","meta":{"footnotes":""},"class_list":["post-33","page","type-page","status-publish","hentry"],"_links":{"self":[{"href":"https:\/\/nachsuchengruppe-waldeck-frankenberg.de\/index.php?rest_route=\/wp\/v2\/pages\/33","targetHints":{"allow":["GET"]}}],"collection":[{"href":"https:\/\/nachsuchengruppe-waldeck-frankenberg.de\/index.php?rest_route=\/wp\/v2\/pages"}],"about":[{"href":"https:\/\/nachsuchengruppe-waldeck-frankenberg.de\/index.php?rest_route=\/wp\/v2\/types\/page"}],"author":[{"embeddable":true,"href":"https:\/\/nachsuchengruppe-waldeck-frankenberg.de\/index.php?rest_route=\/wp\/v2\/users\/1"}],"replies":[{"embeddable":true,"href":"https:\/\/nachsuchengruppe-waldeck-frankenberg.de\/index.php?rest_route=%2Fwp%2Fv2%2Fcomments&post=33"}],"version-history":[{"count":9,"href":"https:\/\/nachsuchengruppe-waldeck-frankenberg.de\/index.php?rest_route=\/wp\/v2\/pages\/33\/revisions"}],"predecessor-version":[{"id":321,"href":"https:\/\/nachsuchengruppe-waldeck-frankenberg.de\/index.php?rest_route=\/wp\/v2\/pages\/33\/revisions\/321"}],"wp:attachment":[{"href":"https:\/\/nachsuchengruppe-waldeck-frankenberg.de\/index.php?rest_route=%2Fwp%2Fv2%2Fmedia&parent=33"}],"curies":[{"name":"wp","href":"https:\/\/api.w.org\/{rel}","templated":true}]}}